{"id":1529,"date":"2021-05-28T11:35:46","date_gmt":"2021-05-28T09:35:46","guid":{"rendered":"https:\/\/www.missionsndlourdes.com\/accueillir-une-mission\/"},"modified":"2023-09-29T14:44:15","modified_gmt":"2023-09-29T12:44:15","slug":"accueillir-une-mission","status":"publish","type":"page","link":"https:\/\/www.missionsndlourdes.com\/de\/accueillir-une-mission\/","title":{"rendered":"Empfangen Sie eine Mission Unsere Liebe Frau von Lourdes in ihrer Di\u00f6zese"},"content":{"rendered":"\t\t<div data-elementor-type=\"wp-page\" data-elementor-id=\"1529\" class=\"elementor elementor-1529 elementor-540\">\n\t\t\t\t\t\t\t\t\t<section class=\"elementor-section elementor-top-section elementor-element elementor-element-9288f50 elementor-section-stretched elementor-section-boxed elementor-section-height-default elementor-section-height-default\" data-id=\"9288f50\" data-element_type=\"section\" data-settings=\"{&quot;stretch_section&quot;:&quot;section-stretched&quot;,&quot;background_background&quot;:&quot;classic&quot;}\">\n\t\t\t\t\t\t<div class=\"elementor-container elementor-column-gap-default\">\n\t\t\t\t\t<div class=\"elementor-column elementor-col-50 elementor-top-column elementor-element elementor-element-843288d\" data-id=\"843288d\" data-element_type=\"column\">\n\t\t\t<div class=\"elementor-widget-wrap elementor-element-populated\">\n\t\t\t\t\t\t\t\t<div class=\"elementor-element elementor-element-acaf59f elementor-widget elementor-widget-text-editor\" data-id=\"acaf59f\" data-element_type=\"widget\" data-widget_type=\"text-editor.default\">\n\t\t\t\t<div class=\"elementor-widget-container\">\n\t\t\t\t\t\t\t<h2><span style=\"color: #033e52;\">Empfangen Sie eine Mission Unsere Liebe Frau von Lourdes in ihrer Di\u00f6zese\n<\/span><\/h2>\nAuf Einladung des Bischofs der Di\u00f6zese begibt sich ein Kaplan der Wallfahrtsst\u00e4tte auf Mission. Das Programm wird je nach den Umst\u00e4nden in Zusammenarbeit mit den zust\u00e4ndigen Priestern und Verantwortlichen vor Ort ausgearbeitet.\n\n<strong><span style=\"color: #033e52;\">Einladung oder Bitte um eine Mission\n<\/span><\/strong>Der Bischof der Di\u00f6zese kann seine Anfrage per Post oder E-Mail an : Pater Michel Daubanes, Rektor des Heiligtums, oder Pater Jean-Marcel Rossini Kaplan des Heiligtums, Koordinator der Missionen Notre-Dame de Lourdes, 1 avenue Monseigneur Th\u00e9as, 65100 Lourdes oder.\n<span style=\"color: #033e52;\"><a href=\"mailto:jean-marcel.rossini@lourdes-france.com\">jean-marcel.rossini@lourdes-france.com<\/a><\/span>\n\n<strong><span style=\"color: #033e52;\">Kosten der Mission\n<\/span><\/strong>Die aufnehmende Di\u00f6zese tr\u00e4gt die Kosten f\u00fcr Transport, Unterkunft und ggf. die Verpflegung des Gesendeten. Anl\u00e4sslich der Mission k\u00f6nnen der Wallfahrtsst\u00e4tte Spenden erbracht werden. Alle weiteren Opfergaben im Zusammenhang mit der Mission, Messintentionen usw. sind dem Heiligtum in Lourdes zu widmen.\nWenn die Mission gemeinsam mit der Reliquie der Heiligen Bernadette empfangen wird oder wenn die Anfrage nur das Kommen der Reliquie betrifft, wird die Gastdi\u00f6zese den Transport auf ihrem Gebiet des Reliquienschreins \u00fcbernehmen.\nDie finanzielle Frage darf jedoch nie ein Hindernis sein.\nZ\u00f6gern Sie nicht, uns anzufragen.\t\t\t\t\t\t<\/div>\n\t\t\t\t<\/div>\n\t\t\t\t\t<\/div>\n\t\t<\/div>\n\t\t\t\t<div class=\"elementor-column elementor-col-50 elementor-top-column elementor-element elementor-element-d0a1678\" data-id=\"d0a1678\" data-element_type=\"column\">\n\t\t\t<div class=\"elementor-widget-wrap elementor-element-populated\">\n\t\t\t\t\t\t\t\t<div class=\"elementor-element elementor-element-bf178fa elementor-widget elementor-widget-image\" data-id=\"bf178fa\" data-element_type=\"widget\" data-widget_type=\"image.default\">\n\t\t\t\t<div class=\"elementor-widget-container\">\n\t\t\t\t\t\t\t\t\t\t\t\t\t\t\t<img loading=\"lazy\" decoding=\"async\" width=\"800\" height=\"533\" src=\"https:\/\/www.missionsndlourdes.com\/wp-content\/uploads\/2023\/09\/2018-cierges-01.jpg\" class=\"attachment-large size-large\" alt=\"\" srcset=\"https:\/\/www.missionsndlourdes.com\/wp-content\/uploads\/2023\/09\/2018-cierges-01.jpg 800w, https:\/\/www.missionsndlourdes.com\/wp-content\/uploads\/2023\/09\/2018-cierges-01-300x200.jpg 300w, https:\/\/www.missionsndlourdes.com\/wp-content\/uploads\/2023\/09\/2018-cierges-01-768x512.jpg 768w\" sizes=\"auto, (max-width: 800px) 100vw, 800px\" \/>\t\t\t\t\t\t\t\t\t\t\t\t\t\t\t<\/div>\n\t\t\t\t<\/div>\n\t\t\t\t\t<\/div>\n\t\t<\/div>\n\t\t\t\t\t\t\t<\/div>\n\t\t<\/section>\n\t\t\t\t\t\t\t<\/div>\n\t\t","protected":false},"excerpt":{"rendered":"<p>Empfangen Sie eine Mission Unsere Liebe Frau von Lourdes in ihrer Di\u00f6zese Auf Einladung des Bischofs der Di\u00f6zese begibt sich ein Kaplan der Wallfahrtsst\u00e4tte auf Mission. Das Programm wird je nach den Umst\u00e4nden in Zusammenarbeit mit den zust\u00e4ndigen Priestern und &hellip; <a href=\"https:\/\/www.missionsndlourdes.com\/de\/accueillir-une-mission\/\">Weiter<\/a><\/p>\n","protected":false},"author":1,"featured_media":0,"parent":0,"menu_order":0,"comment_status":"closed","ping_status":"closed","template":"","meta":{"footnotes":""},"class_list":["post-1529","page","type-page","status-publish","hentry"],"yoast_head":"<!-- This site is optimized with the Yoast SEO plugin v19.9 - https:\/\/yoast.com\/wordpress\/plugins\/seo\/ -->\n<title>Empfangen Sie eine Mission Unsere Liebe Frau von Lourdes in ihrer Di\u00f6zese - Les Missions Notre-Dame de Lourdes<\/title>\n<meta name=\"robots\" content=\"index, follow, max-snippet:-1, max-image-preview:large, max-video-preview:-1\" \/>\n<link rel=\"canonical\" href=\"https:\/\/www.missionsndlourdes.com\/accueillir-une-mission\/\" \/>\n<meta property=\"og:locale\" content=\"de_DE\" \/>\n<meta property=\"og:type\" content=\"article\" \/>\n<meta property=\"og:title\" content=\"Empfangen Sie eine Mission Unsere Liebe Frau von Lourdes in ihrer Di\u00f6zese - Les Missions Notre-Dame de Lourdes\" \/>\n<meta property=\"og:description\" content=\"Empfangen Sie eine Mission Unsere Liebe Frau von Lourdes in ihrer Di\u00f6zese Auf Einladung des Bischofs der Di\u00f6zese begibt sich ein Kaplan der Wallfahrtsst\u00e4tte auf Mission. Das Programm wird je nach den Umst\u00e4nden in Zusammenarbeit mit den zust\u00e4ndigen Priestern und &hellip; Weiter\" \/>\n<meta property=\"og:url\" content=\"https:\/\/www.missionsndlourdes.com\/accueillir-une-mission\/\" \/>\n<meta property=\"og:site_name\" content=\"Les Missions Notre-Dame de Lourdes\" \/>\n<meta property=\"article:modified_time\" content=\"2023-09-29T12:44:15+00:00\" \/>\n<meta property=\"og:image\" content=\"https:\/\/www.missionsndlourdes.com\/wp-content\/uploads\/2023\/09\/2018-cierges-01.jpg\" \/>\n<meta name=\"twitter:card\" content=\"summary_large_image\" \/>\n<meta name=\"twitter:label1\" content=\"Gesch\u00e4tzte Lesezeit\" \/>\n\t<meta name=\"twitter:data1\" content=\"1\u00a0Minute\" \/>\n<script type=\"application\/ld+json\" class=\"yoast-schema-graph\">{\"@context\":\"https:\/\/schema.org\",\"@graph\":[{\"@type\":\"WebPage\",\"@id\":\"https:\/\/www.missionsndlourdes.com\/accueillir-une-mission\/\",\"url\":\"https:\/\/www.missionsndlourdes.com\/accueillir-une-mission\/\",\"name\":\"Empfangen Sie eine Mission Unsere Liebe Frau von Lourdes in ihrer Di\u00f6zese - Les Missions Notre-Dame de Lourdes\",\"isPartOf\":{\"@id\":\"https:\/\/www.missionsndlourdes.com\/en\/#website\"},\"datePublished\":\"2021-05-28T09:35:46+00:00\",\"dateModified\":\"2023-09-29T12:44:15+00:00\",\"breadcrumb\":{\"@id\":\"https:\/\/www.missionsndlourdes.com\/accueillir-une-mission\/#breadcrumb\"},\"inLanguage\":\"de\",\"potentialAction\":[{\"@type\":\"ReadAction\",\"target\":[\"https:\/\/www.missionsndlourdes.com\/accueillir-une-mission\/\"]}]},{\"@type\":\"BreadcrumbList\",\"@id\":\"https:\/\/www.missionsndlourdes.com\/accueillir-une-mission\/#breadcrumb\",\"itemListElement\":[{\"@type\":\"ListItem\",\"position\":1,\"name\":\"Accueil\",\"item\":\"https:\/\/www.missionsndlourdes.com\/\"},{\"@type\":\"ListItem\",\"position\":2,\"name\":\"Empfangen Sie eine Mission Unsere Liebe Frau von Lourdes in ihrer Di\u00f6zese\"}]},{\"@type\":\"WebSite\",\"@id\":\"https:\/\/www.missionsndlourdes.com\/en\/#website\",\"url\":\"https:\/\/www.missionsndlourdes.com\/en\/\",\"name\":\"Les Missions Notre-Dame de Lourdes\",\"description\":\"Accueillez \u00ab\u00a0Lourdes\u00a0\u00bb chez vous\",\"potentialAction\":[{\"@type\":\"SearchAction\",\"target\":{\"@type\":\"EntryPoint\",\"urlTemplate\":\"https:\/\/www.missionsndlourdes.com\/en\/?s={search_term_string}\"},\"query-input\":\"required name=search_term_string\"}],\"inLanguage\":\"de\"}]}<\/script>\n<!-- \/ Yoast SEO plugin. -->","yoast_head_json":{"title":"Empfangen Sie eine Mission Unsere Liebe Frau von Lourdes in ihrer Di\u00f6zese - Les Missions Notre-Dame de Lourdes","robots":{"index":"index","follow":"follow","max-snippet":"max-snippet:-1","max-image-preview":"max-image-preview:large","max-video-preview":"max-video-preview:-1"},"canonical":"https:\/\/www.missionsndlourdes.com\/accueillir-une-mission\/","og_locale":"de_DE","og_type":"article","og_title":"Empfangen Sie eine Mission Unsere Liebe Frau von Lourdes in ihrer Di\u00f6zese - Les Missions Notre-Dame de Lourdes","og_description":"Empfangen Sie eine Mission Unsere Liebe Frau von Lourdes in ihrer Di\u00f6zese Auf Einladung des Bischofs der Di\u00f6zese begibt sich ein Kaplan der Wallfahrtsst\u00e4tte auf Mission. Das Programm wird je nach den Umst\u00e4nden in Zusammenarbeit mit den zust\u00e4ndigen Priestern und &hellip; Weiter","og_url":"https:\/\/www.missionsndlourdes.com\/accueillir-une-mission\/","og_site_name":"Les Missions Notre-Dame de Lourdes","article_modified_time":"2023-09-29T12:44:15+00:00","og_image":[{"url":"https:\/\/www.missionsndlourdes.com\/wp-content\/uploads\/2023\/09\/2018-cierges-01.jpg"}],"twitter_card":"summary_large_image","twitter_misc":{"Gesch\u00e4tzte Lesezeit":"1\u00a0Minute"},"schema":{"@context":"https:\/\/schema.org","@graph":[{"@type":"WebPage","@id":"https:\/\/www.missionsndlourdes.com\/accueillir-une-mission\/","url":"https:\/\/www.missionsndlourdes.com\/accueillir-une-mission\/","name":"Empfangen Sie eine Mission Unsere Liebe Frau von Lourdes in ihrer Di\u00f6zese - Les Missions Notre-Dame de Lourdes","isPartOf":{"@id":"https:\/\/www.missionsndlourdes.com\/en\/#website"},"datePublished":"2021-05-28T09:35:46+00:00","dateModified":"2023-09-29T12:44:15+00:00","breadcrumb":{"@id":"https:\/\/www.missionsndlourdes.com\/accueillir-une-mission\/#breadcrumb"},"inLanguage":"de","potentialAction":[{"@type":"ReadAction","target":["https:\/\/www.missionsndlourdes.com\/accueillir-une-mission\/"]}]},{"@type":"BreadcrumbList","@id":"https:\/\/www.missionsndlourdes.com\/accueillir-une-mission\/#breadcrumb","itemListElement":[{"@type":"ListItem","position":1,"name":"Accueil","item":"https:\/\/www.missionsndlourdes.com\/"},{"@type":"ListItem","position":2,"name":"Empfangen Sie eine Mission Unsere Liebe Frau von Lourdes in ihrer Di\u00f6zese"}]},{"@type":"WebSite","@id":"https:\/\/www.missionsndlourdes.com\/en\/#website","url":"https:\/\/www.missionsndlourdes.com\/en\/","name":"Les Missions Notre-Dame de Lourdes","description":"Accueillez \u00ab\u00a0Lourdes\u00a0\u00bb chez vous","potentialAction":[{"@type":"SearchAction","target":{"@type":"EntryPoint","urlTemplate":"https:\/\/www.missionsndlourdes.com\/en\/?s={search_term_string}"},"query-input":"required name=search_term_string"}],"inLanguage":"de"}]}},"_links":{"self":[{"href":"https:\/\/www.missionsndlourdes.com\/de\/wp-json\/wp\/v2\/pages\/1529","targetHints":{"allow":["GET"]}}],"collection":[{"href":"https:\/\/www.missionsndlourdes.com\/de\/wp-json\/wp\/v2\/pages"}],"about":[{"href":"https:\/\/www.missionsndlourdes.com\/de\/wp-json\/wp\/v2\/types\/page"}],"author":[{"embeddable":true,"href":"https:\/\/www.missionsndlourdes.com\/de\/wp-json\/wp\/v2\/users\/1"}],"replies":[{"embeddable":true,"href":"https:\/\/www.missionsndlourdes.com\/de\/wp-json\/wp\/v2\/comments?post=1529"}],"version-history":[{"count":10,"href":"https:\/\/www.missionsndlourdes.com\/de\/wp-json\/wp\/v2\/pages\/1529\/revisions"}],"predecessor-version":[{"id":1718,"href":"https:\/\/www.missionsndlourdes.com\/de\/wp-json\/wp\/v2\/pages\/1529\/revisions\/1718"}],"wp:attachment":[{"href":"https:\/\/www.missionsndlourdes.com\/de\/wp-json\/wp\/v2\/media?parent=1529"}],"curies":[{"name":"wp","href":"https:\/\/api.w.org\/{rel}","templated":true}]}}