{"id":329,"date":"2021-05-19T14:16:25","date_gmt":"2021-05-19T12:16:25","guid":{"rendered":"http:\/\/localhost:8888\/nuits-de-lourdes\/?page_id=329"},"modified":"2021-06-08T11:07:41","modified_gmt":"2021-06-08T09:07:41","slug":"mentions-legales","status":"publish","type":"page","link":"https:\/\/www.missionsndlourdes.com\/en\/mentions-legales\/","title":{"rendered":"Mentions l\u00e9gales"},"content":{"rendered":"\t\t<div data-elementor-type=\"wp-page\" data-elementor-id=\"329\" class=\"elementor elementor-329\">\n\t\t\t\t\t\t\t\t\t<section class=\"elementor-section elementor-top-section elementor-element elementor-element-9bea4e0 elementor-section-boxed elementor-section-height-default elementor-section-height-default\" data-id=\"9bea4e0\" data-element_type=\"section\">\n\t\t\t\t\t\t<div class=\"elementor-container elementor-column-gap-default\">\n\t\t\t\t\t<div class=\"elementor-column elementor-col-100 elementor-top-column elementor-element elementor-element-3b0dbbc\" data-id=\"3b0dbbc\" data-element_type=\"column\">\n\t\t\t<div class=\"elementor-widget-wrap elementor-element-populated\">\n\t\t\t\t\t\t\t\t<div class=\"elementor-element elementor-element-743be7a elementor-widget elementor-widget-text-editor\" data-id=\"743be7a\" data-element_type=\"widget\" data-widget_type=\"text-editor.default\">\n\t\t\t\t<div class=\"elementor-widget-container\">\n\t\t\t\t\t\t\t<div class=\"elementor-element elementor-element-42c4b91f elementor-widget elementor-widget-text-editor\" data-id=\"42c4b91f\" data-element_type=\"widget\" data-widget_type=\"text-editor.default\"><div class=\"elementor-widget-container\"><div class=\"elementor-text-editor elementor-clearfix\">\u00a0<\/div><\/div><\/div><div class=\"elementor-element elementor-element-3170b365 elementor-widget elementor-widget-text-editor\" data-id=\"3170b365\" data-element_type=\"widget\" data-widget_type=\"text-editor.default\"><div class=\"elementor-widget-container\"><div class=\"elementor-text-editor elementor-clearfix\"><h2><span style=\"color: #ffffff;\">Mentions l\u00e9gales<\/span><\/h2><p><span style=\"color: #ffffff;\">Cr\u00e9dits<\/span><br \/><span style=\"color: #ffffff;\">Conception et production :<\/span><\/p><p><span style=\"color: #ffffff;\">EURL BASILIQUE DU ROSAIRE<\/span><br \/><span style=\"color: #ffffff;\">1 avenue Mgr Th\u00e9as, 65100 LOURDES<\/span><\/p><p><span style=\"color: #ffffff;\">SIRET : 43003480100018<\/span><\/p><p><span style=\"color: #ffffff;\">\u00a9 Photos : Sanctuaire Notre-Dame de Lourdes \/ Pierre VINCENT\u00a0<\/span><\/p><p><span style=\"color: #ffffff;\">H\u00e9bergement :<\/span><br \/><span style=\"color: #ffffff;\">L&#8217;h\u00e9bergement de ce site internet est assur\u00e9 par la soci\u00e9t\u00e9 OVH.<\/span><\/p><\/div><\/div><\/div>\t\t\t\t\t\t<\/div>\n\t\t\t\t<\/div>\n\t\t\t\t\t<\/div>\n\t\t<\/div>\n\t\t\t\t\t\t\t<\/div>\n\t\t<\/section>\n\t\t\t\t\t\t\t<\/div>\n\t\t","protected":false},"excerpt":{"rendered":"<p>Mentions l\u00e9gales Cr\u00e9dits Conception et production : EURL BASILIQUE DU ROSAIRE 1 avenue Mgr Th\u00e9as, 65100 LOURDES SIRET : 43003480100018 \u00a9 Photos : Sanctuaire Notre-Dame de Lourdes \/ Pierre VINCENT&nbsp; H\u00e9bergement : L&#8217;h\u00e9bergement de ce site internet est assur\u00e9 par &hellip; <a href=\"https:\/\/www.missionsndlourdes.com\/en\/mentions-legales\/\">Continued<\/a><\/p>\n","protected":false},"author":1,"featured_media":0,"parent":0,"menu_order":0,"comment_status":"closed","ping_status":"closed","template":"","meta":{"footnotes":""},"class_list":["post-329","page","type-page","status-publish","hentry"],"yoast_head":"<!-- This site is optimized with the Yoast SEO plugin v19.9 - https:\/\/yoast.com\/wordpress\/plugins\/seo\/ -->\n<title>Mentions l\u00e9gales - Les Missions Notre-Dame de Lourdes<\/title>\n<meta name=\"robots\" content=\"index, follow, max-snippet:-1, max-image-preview:large, max-video-preview:-1\" \/>\n<link rel=\"canonical\" href=\"https:\/\/www.missionsndlourdes.com\/en\/mentions-legales\/\" \/>\n<meta property=\"og:locale\" content=\"en_US\" \/>\n<meta property=\"og:type\" content=\"article\" \/>\n<meta property=\"og:title\" content=\"Mentions l\u00e9gales - Les Missions Notre-Dame de Lourdes\" \/>\n<meta property=\"og:description\" content=\"Mentions l\u00e9gales Cr\u00e9dits Conception et production : EURL BASILIQUE DU ROSAIRE 1 avenue Mgr Th\u00e9as, 65100 LOURDES SIRET : 43003480100018 \u00a9 Photos : Sanctuaire Notre-Dame de Lourdes \/ Pierre VINCENT&nbsp; H\u00e9bergement : L&#8217;h\u00e9bergement de ce site internet est assur\u00e9 par &hellip; Continued\" \/>\n<meta property=\"og:url\" content=\"https:\/\/www.missionsndlourdes.com\/en\/mentions-legales\/\" \/>\n<meta property=\"og:site_name\" content=\"Les Missions Notre-Dame de Lourdes\" \/>\n<meta property=\"article:modified_time\" content=\"2021-06-08T09:07:41+00:00\" \/>\n<meta name=\"twitter:card\" content=\"summary_large_image\" \/>\n<meta name=\"twitter:label1\" content=\"Est. reading time\" \/>\n\t<meta name=\"twitter:data1\" content=\"1 minute\" \/>\n<script type=\"application\/ld+json\" class=\"yoast-schema-graph\">{\"@context\":\"https:\/\/schema.org\",\"@graph\":[{\"@type\":\"WebPage\",\"@id\":\"https:\/\/www.missionsndlourdes.com\/en\/mentions-legales\/\",\"url\":\"https:\/\/www.missionsndlourdes.com\/en\/mentions-legales\/\",\"name\":\"Mentions l\u00e9gales - Les Missions Notre-Dame de Lourdes\",\"isPartOf\":{\"@id\":\"https:\/\/www.missionsndlourdes.com\/en\/#website\"},\"datePublished\":\"2021-05-19T12:16:25+00:00\",\"dateModified\":\"2021-06-08T09:07:41+00:00\",\"breadcrumb\":{\"@id\":\"https:\/\/www.missionsndlourdes.com\/en\/mentions-legales\/#breadcrumb\"},\"inLanguage\":\"en-US\",\"potentialAction\":[{\"@type\":\"ReadAction\",\"target\":[\"https:\/\/www.missionsndlourdes.com\/en\/mentions-legales\/\"]}]},{\"@type\":\"BreadcrumbList\",\"@id\":\"https:\/\/www.missionsndlourdes.com\/en\/mentions-legales\/#breadcrumb\",\"itemListElement\":[{\"@type\":\"ListItem\",\"position\":1,\"name\":\"Accueil\",\"item\":\"https:\/\/www.missionsndlourdes.com\/en\/\"},{\"@type\":\"ListItem\",\"position\":2,\"name\":\"Mentions l\u00e9gales\"}]},{\"@type\":\"WebSite\",\"@id\":\"https:\/\/www.missionsndlourdes.com\/en\/#website\",\"url\":\"https:\/\/www.missionsndlourdes.com\/en\/\",\"name\":\"Les Missions Notre-Dame de Lourdes\",\"description\":\"Accueillez \u00ab\u00a0Lourdes\u00a0\u00bb chez vous\",\"potentialAction\":[{\"@type\":\"SearchAction\",\"target\":{\"@type\":\"EntryPoint\",\"urlTemplate\":\"https:\/\/www.missionsndlourdes.com\/en\/?s={search_term_string}\"},\"query-input\":\"required name=search_term_string\"}],\"inLanguage\":\"en-US\"}]}<\/script>\n<!-- \/ Yoast SEO plugin. -->","yoast_head_json":{"title":"Mentions l\u00e9gales - Les Missions Notre-Dame de Lourdes","robots":{"index":"index","follow":"follow","max-snippet":"max-snippet:-1","max-image-preview":"max-image-preview:large","max-video-preview":"max-video-preview:-1"},"canonical":"https:\/\/www.missionsndlourdes.com\/en\/mentions-legales\/","og_locale":"en_US","og_type":"article","og_title":"Mentions l\u00e9gales - Les Missions Notre-Dame de Lourdes","og_description":"Mentions l\u00e9gales Cr\u00e9dits Conception et production : EURL BASILIQUE DU ROSAIRE 1 avenue Mgr Th\u00e9as, 65100 LOURDES SIRET : 43003480100018 \u00a9 Photos : Sanctuaire Notre-Dame de Lourdes \/ Pierre VINCENT&nbsp; H\u00e9bergement : L&#8217;h\u00e9bergement de ce site internet est assur\u00e9 par &hellip; Continued","og_url":"https:\/\/www.missionsndlourdes.com\/en\/mentions-legales\/","og_site_name":"Les Missions Notre-Dame de Lourdes","article_modified_time":"2021-06-08T09:07:41+00:00","twitter_card":"summary_large_image","twitter_misc":{"Est. reading time":"1 minute"},"schema":{"@context":"https:\/\/schema.org","@graph":[{"@type":"WebPage","@id":"https:\/\/www.missionsndlourdes.com\/en\/mentions-legales\/","url":"https:\/\/www.missionsndlourdes.com\/en\/mentions-legales\/","name":"Mentions l\u00e9gales - Les Missions Notre-Dame de Lourdes","isPartOf":{"@id":"https:\/\/www.missionsndlourdes.com\/en\/#website"},"datePublished":"2021-05-19T12:16:25+00:00","dateModified":"2021-06-08T09:07:41+00:00","breadcrumb":{"@id":"https:\/\/www.missionsndlourdes.com\/en\/mentions-legales\/#breadcrumb"},"inLanguage":"en-US","potentialAction":[{"@type":"ReadAction","target":["https:\/\/www.missionsndlourdes.com\/en\/mentions-legales\/"]}]},{"@type":"BreadcrumbList","@id":"https:\/\/www.missionsndlourdes.com\/en\/mentions-legales\/#breadcrumb","itemListElement":[{"@type":"ListItem","position":1,"name":"Accueil","item":"https:\/\/www.missionsndlourdes.com\/en\/"},{"@type":"ListItem","position":2,"name":"Mentions l\u00e9gales"}]},{"@type":"WebSite","@id":"https:\/\/www.missionsndlourdes.com\/en\/#website","url":"https:\/\/www.missionsndlourdes.com\/en\/","name":"Les Missions Notre-Dame de Lourdes","description":"Accueillez \u00ab\u00a0Lourdes\u00a0\u00bb chez vous","potentialAction":[{"@type":"SearchAction","target":{"@type":"EntryPoint","urlTemplate":"https:\/\/www.missionsndlourdes.com\/en\/?s={search_term_string}"},"query-input":"required name=search_term_string"}],"inLanguage":"en-US"}]}},"_links":{"self":[{"href":"https:\/\/www.missionsndlourdes.com\/en\/wp-json\/wp\/v2\/pages\/329","targetHints":{"allow":["GET"]}}],"collection":[{"href":"https:\/\/www.missionsndlourdes.com\/en\/wp-json\/wp\/v2\/pages"}],"about":[{"href":"https:\/\/www.missionsndlourdes.com\/en\/wp-json\/wp\/v2\/types\/page"}],"author":[{"embeddable":true,"href":"https:\/\/www.missionsndlourdes.com\/en\/wp-json\/wp\/v2\/users\/1"}],"replies":[{"embeddable":true,"href":"https:\/\/www.missionsndlourdes.com\/en\/wp-json\/wp\/v2\/comments?post=329"}],"version-history":[{"count":15,"href":"https:\/\/www.missionsndlourdes.com\/en\/wp-json\/wp\/v2\/pages\/329\/revisions"}],"predecessor-version":[{"id":671,"href":"https:\/\/www.missionsndlourdes.com\/en\/wp-json\/wp\/v2\/pages\/329\/revisions\/671"}],"wp:attachment":[{"href":"https:\/\/www.missionsndlourdes.com\/en\/wp-json\/wp\/v2\/media?parent=329"}],"curies":[{"name":"wp","href":"https:\/\/api.w.org\/{rel}","templated":true}]}}